{"id":2794,"date":"2023-12-27T16:11:43","date_gmt":"2023-12-27T14:11:43","guid":{"rendered":"https:\/\/cetateacalnic.ro\/kurze-geschichte-der-siedlung-calnic\/"},"modified":"2024-03-27T21:57:42","modified_gmt":"2024-03-27T19:57:42","slug":"kurze-geschichte-der-siedlung-calnic","status":"publish","type":"page","link":"https:\/\/cetateacalnic.ro\/de\/kurze-geschichte-der-siedlung-calnic\/","title":{"rendered":"Kurze Geschichte der Siedlung C\u00e2lnic"},"content":{"rendered":"<p><div class=\"fusion-fullwidth fullwidth-box fusion-builder-row-1 fusion-flex-container has-pattern-background has-mask-background nonhundred-percent-fullwidth non-hundred-percent-height-scrolling\" style=\"--awb-border-radius-top-left:0px;--awb-border-radius-top-right:0px;--awb-border-radius-bottom-right:0px;--awb-border-radius-bottom-left:0px;--awb-padding-top:0px;--awb-padding-bottom:0px;--awb-padding-bottom-medium:0px;--awb-padding-top-small:0px;--awb-padding-bottom-small:0px;--awb-margin-top:60px;--awb-margin-bottom:0px;--awb-margin-top-medium:0px;--awb-margin-bottom-medium:0px;--awb-margin-top-small:0px;--awb-margin-bottom-small:0px;--awb-flex-wrap:wrap;\" ><div class=\"fusion-builder-row fusion-row fusion-flex-align-items-center fusion-flex-content-wrap\" style=\"max-width:1310.4px;margin-left: calc(-4% \/ 2 );margin-right: calc(-4% \/ 2 );\"><div class=\"fusion-layout-column fusion_builder_column fusion-builder-column-0 fusion_builder_column_1_2 1_2 fusion-flex-column\" style=\"--awb-bg-size:cover;--awb-width-large:50%;--awb-margin-top-large:20px;--awb-spacing-right-large:3.84%;--awb-margin-bottom-large:20px;--awb-spacing-left-large:3.84%;--awb-width-medium:50%;--awb-order-medium:0;--awb-spacing-right-medium:3.84%;--awb-spacing-left-medium:3.84%;--awb-width-small:100%;--awb-order-small:0;--awb-spacing-right-small:1.92%;--awb-spacing-left-small:1.92%;\" data-scroll-devices=\"small-visibility,medium-visibility,large-visibility\"><div class=\"fusion-column-wrapper fusion-column-has-shadow fusion-flex-justify-content-flex-start fusion-content-layout-column\"><div class=\"fusion-title title fusion-title-1 fusion-sep-none fusion-title-text fusion-title-size-three\" style=\"--awb-text-color:var(--awb-custom_color_1);--awb-font-size:30px;\"><h3 class=\"fusion-title-heading title-heading-left sm-text-align-center fusion-responsive-typography-calculated\" style=\"margin:0;font-size:1em;--fontSize:30;line-height:1.3;\">Geschichte<span style=\"color: var(--awb-black);\">.<\/span><\/h3><\/div><div class=\"fusion-text fusion-text-1\" style=\"--awb-font-size:18px;--awb-text-color:var(--awb-custom_color_1);\"><p>Die Festung von C\u00e2lnic wurde um das Jahr 1270 erbaut und war mit einem Hauptturm, einer Verteidigungsmauer und einem Wassergraben ausgestattet, der nur \u00fcber eine Zugbr\u00fccke zug\u00e4nglich war. Nach der \u00dcbernahme der Festung durch die siebenb\u00fcrgische Gemeinschaft wurde diese durch den Bau einer zweiten Verteidigungsmauer und eines Turms im S\u00fcden erweitert. Um Belagerungen standzuhalten, wurden innerhalb der Mauern Lager- und Wohnr\u00e4ume errichtet, die jedoch nicht erhalten geblieben sind.<\/p>\n<p>Die Festung wurde Ende des 15. Jahrhunderts mit einer kleinen Saalkirche mit Apsis ausgestattet. In der Mitte des 16. Jahrhunderts wurde der Graben aufgef\u00fcllt und die Zugbr\u00fccke durch ein Torhaus mit Fallgitter ersetzt. Heutzutage wird das Ensemble von einer Stiftung der Universit\u00e4t Cluj verwaltet.<\/p>\n<\/div><\/div><\/div><div class=\"fusion-layout-column fusion_builder_column fusion-builder-column-1 fusion_builder_column_1_2 1_2 fusion-flex-column\" style=\"--awb-bg-position:center top;--awb-bg-size:cover;--awb-width-large:50%;--awb-margin-top-large:10px;--awb-spacing-right-large:3.84%;--awb-margin-bottom-large:10px;--awb-spacing-left-large:3.84%;--awb-width-medium:50%;--awb-order-medium:0;--awb-spacing-right-medium:3.84%;--awb-spacing-left-medium:3.84%;--awb-width-small:100%;--awb-order-small:0;--awb-spacing-right-small:1.92%;--awb-spacing-left-small:1.92%;\" data-scroll-devices=\"small-visibility,medium-visibility,large-visibility\"><div class=\"fusion-column-wrapper fusion-column-has-shadow fusion-flex-justify-content-flex-start fusion-content-layout-column\"><div class=\"fusion-image-element \" style=\"--awb-caption-title-font-family:var(--h2_typography-font-family);--awb-caption-title-font-weight:var(--h2_typography-font-weight);--awb-caption-title-font-style:var(--h2_typography-font-style);--awb-caption-title-size:var(--h2_typography-font-size);--awb-caption-title-transform:var(--h2_typography-text-transform);--awb-caption-title-line-height:var(--h2_typography-line-height);--awb-caption-title-letter-spacing:var(--h2_typography-letter-spacing);\"><span class=\" fusion-imageframe imageframe-none imageframe-1 hover-type-none\" style=\"border-radius:12px;\"><img decoding=\"async\" width=\"1150\" height=\"933\" title=\"cetatea-calnic-istorie\" src=\"https:\/\/cetateacalnic.ro\/wp-content\/uploads\/2023\/12\/cetatea-calnic-istorie.jpg\" data-orig-src=\"https:\/\/cetateacalnic.ro\/wp-content\/uploads\/2023\/12\/cetatea-calnic-istorie.jpg\" alt class=\"lazyload img-responsive wp-image-2713\" srcset=\"data:image\/svg+xml,%3Csvg%20xmlns%3D%27http%3A%2F%2Fwww.w3.org%2F2000%2Fsvg%27%20width%3D%271150%27%20height%3D%27933%27%20viewBox%3D%270%200%201150%20933%27%3E%3Crect%20width%3D%271150%27%20height%3D%27933%27%20fill-opacity%3D%220%22%2F%3E%3C%2Fsvg%3E\" data-srcset=\"https:\/\/cetateacalnic.ro\/wp-content\/uploads\/2023\/12\/cetatea-calnic-istorie-200x162.jpg 200w, https:\/\/cetateacalnic.ro\/wp-content\/uploads\/2023\/12\/cetatea-calnic-istorie-400x325.jpg 400w, https:\/\/cetateacalnic.ro\/wp-content\/uploads\/2023\/12\/cetatea-calnic-istorie-600x487.jpg 600w, https:\/\/cetateacalnic.ro\/wp-content\/uploads\/2023\/12\/cetatea-calnic-istorie-800x649.jpg 800w, https:\/\/cetateacalnic.ro\/wp-content\/uploads\/2023\/12\/cetatea-calnic-istorie.jpg 1150w\" data-sizes=\"auto\" data-orig-sizes=\"(max-width: 640px) 100vw, 600px\" \/><\/span><\/div><\/div><\/div><\/div><\/div><div class=\"fusion-fullwidth fullwidth-box fusion-builder-row-2 fusion-flex-container has-pattern-background has-mask-background nonhundred-percent-fullwidth non-hundred-percent-height-scrolling\" style=\"--awb-border-radius-top-left:0px;--awb-border-radius-top-right:0px;--awb-border-radius-bottom-right:0px;--awb-border-radius-bottom-left:0px;--awb-padding-top:0px;--awb-padding-bottom:0px;--awb-padding-bottom-medium:0px;--awb-padding-top-small:0px;--awb-padding-bottom-small:0px;--awb-margin-top:40px;--awb-margin-bottom:60px;--awb-margin-top-medium:0px;--awb-margin-bottom-medium:0px;--awb-margin-top-small:0px;--awb-margin-bottom-small:0px;--awb-flex-wrap:wrap;\" ><div class=\"fusion-builder-row fusion-row fusion-flex-align-items-center fusion-flex-content-wrap\" style=\"max-width:1310.4px;margin-left: calc(-4% \/ 2 );margin-right: calc(-4% \/ 2 );\"><div class=\"fusion-layout-column fusion_builder_column fusion-builder-column-2 fusion_builder_column_1_2 1_2 fusion-flex-column\" style=\"--awb-bg-size:cover;--awb-width-large:50%;--awb-margin-top-large:20px;--awb-spacing-right-large:3.84%;--awb-margin-bottom-large:20px;--awb-spacing-left-large:3.84%;--awb-width-medium:50%;--awb-order-medium:0;--awb-spacing-right-medium:3.84%;--awb-spacing-left-medium:3.84%;--awb-width-small:100%;--awb-order-small:0;--awb-spacing-right-small:1.92%;--awb-spacing-left-small:1.92%;\" data-scroll-devices=\"small-visibility,medium-visibility,large-visibility\"><div class=\"fusion-column-wrapper fusion-column-has-shadow fusion-flex-justify-content-flex-start fusion-content-layout-column\"><div class=\"fusion-title title fusion-title-2 fusion-sep-none fusion-title-text fusion-title-size-three\" style=\"--awb-text-color:var(--awb-custom_color_1);--awb-font-size:30px;\"><h3 class=\"fusion-title-heading title-heading-left sm-text-align-center fusion-responsive-typography-calculated\" style=\"margin:0;font-size:1em;--fontSize:30;line-height:1.3;\">Die Siedlung<span style=\"color: var(--awb-black);\">.<\/span><\/h3><\/div><div class=\"fusion-text fusion-text-2\" style=\"--awb-font-size:18px;--awb-text-color:var(--awb-custom_color_1);\"><p>In C\u00e2lnic befindet sich einer der letzten Wohnsitze der Grafen in Siebenb\u00fcrgen. Aufgrund ihres au\u00dfergew\u00f6hnlichen Werts und ihrer Bedeutung ist die Festung jetzt ein UNESCO-Weltkulturerbe.<\/p>\n<p>Im 13. Jahrhundert errichtete der Graf Chyl von Kelling (der deutsche Name der Siedlung, wird abgeleitet vom Namen der Herrscherfamilie) einen Turm im Dorf, um seinen Wohnsitz zu kennzeichnen. Aufgrund h\u00e4ufiger Angriffe der Osmanen wurde der Turm mit einer riesigen Verteidigungsmauer umgeben.<\/p>\n<p>Die Familie des Grafen Chyl hatte nie besonders gute Beziehungen zu den prominenten Pers\u00f6nlichkeiten der Siedlung. Als Folge verl\u00e4sst der letzte Graf im Jahr 1430 das Gebiet und verkauft die Festung an die Dorfbewohner. Diese nutzen die Festung als Zufluchtsort bei osmanischen Angriffen und errichten zus\u00e4tzliche Verteidigungssysteme sowie Lagerorte. Im Jahr 1658 gelingt es den Angreifern, das Dorf zu zerst\u00f6ren, aber die Festung bleibt unbesiegt.<\/p>\n<\/div><\/div><\/div><div class=\"fusion-layout-column fusion_builder_column fusion-builder-column-3 fusion_builder_column_1_2 1_2 fusion-flex-column\" style=\"--awb-bg-position:center top;--awb-bg-size:cover;--awb-width-large:50%;--awb-margin-top-large:10px;--awb-spacing-right-large:3.84%;--awb-margin-bottom-large:10px;--awb-spacing-left-large:3.84%;--awb-width-medium:50%;--awb-order-medium:0;--awb-spacing-right-medium:3.84%;--awb-spacing-left-medium:3.84%;--awb-width-small:100%;--awb-order-small:0;--awb-spacing-right-small:1.92%;--awb-spacing-left-small:1.92%;\" data-scroll-devices=\"small-visibility,medium-visibility,large-visibility\"><div class=\"fusion-column-wrapper fusion-column-has-shadow fusion-flex-justify-content-flex-start fusion-content-layout-column\"><div class=\"fusion-image-element \" style=\"--awb-caption-title-font-family:var(--h2_typography-font-family);--awb-caption-title-font-weight:var(--h2_typography-font-weight);--awb-caption-title-font-style:var(--h2_typography-font-style);--awb-caption-title-size:var(--h2_typography-font-size);--awb-caption-title-transform:var(--h2_typography-text-transform);--awb-caption-title-line-height:var(--h2_typography-line-height);--awb-caption-title-letter-spacing:var(--h2_typography-letter-spacing);\"><span class=\" fusion-imageframe imageframe-none imageframe-2 hover-type-none\" style=\"border-radius:12px;\"><img decoding=\"async\" width=\"612\" height=\"480\" title=\"calnic\" src=\"https:\/\/cetateacalnic.ro\/wp-content\/uploads\/2023\/12\/calnic.jpg\" data-orig-src=\"https:\/\/cetateacalnic.ro\/wp-content\/uploads\/2023\/12\/calnic.jpg\" alt class=\"lazyload img-responsive wp-image-2715\" srcset=\"data:image\/svg+xml,%3Csvg%20xmlns%3D%27http%3A%2F%2Fwww.w3.org%2F2000%2Fsvg%27%20width%3D%27612%27%20height%3D%27480%27%20viewBox%3D%270%200%20612%20480%27%3E%3Crect%20width%3D%27612%27%20height%3D%27480%27%20fill-opacity%3D%220%22%2F%3E%3C%2Fsvg%3E\" data-srcset=\"https:\/\/cetateacalnic.ro\/wp-content\/uploads\/2023\/12\/calnic-200x157.jpg 200w, https:\/\/cetateacalnic.ro\/wp-content\/uploads\/2023\/12\/calnic-400x314.jpg 400w, https:\/\/cetateacalnic.ro\/wp-content\/uploads\/2023\/12\/calnic-600x471.jpg 600w, https:\/\/cetateacalnic.ro\/wp-content\/uploads\/2023\/12\/calnic.jpg 612w\" data-sizes=\"auto\" data-orig-sizes=\"(max-width: 640px) 100vw, 600px\" \/><\/span><\/div><\/div><\/div><\/div><\/div><\/p>\n","protected":false},"excerpt":{"rendered":"","protected":false},"author":1,"featured_media":0,"parent":0,"menu_order":0,"comment_status":"closed","ping_status":"closed","template":"100-width.php","meta":{"footnotes":""},"class_list":["post-2794","page","type-page","status-publish","hentry"],"yoast_head":"<!-- This site is optimized with the Yoast SEO plugin v23.9 - https:\/\/yoast.com\/wordpress\/plugins\/seo\/ -->\n<title>Kurze Geschichte der Siedlung C\u00e2lnic - Cetatea \u0219i Biserica din C\u00e2lnic<\/title>\n<meta name=\"description\" content=\"Die Erhaltung, Sanierung und F\u00f6rderung der Evangelischen Kirche von C\u00e2lnic (Kelling) (Kreis Alba\/Karlsburg), Teil des UNESCO-Welterbes\" \/>\n<meta name=\"robots\" content=\"index, follow, max-snippet:-1, max-image-preview:large, max-video-preview:-1\" \/>\n<link rel=\"canonical\" href=\"https:\/\/cetateacalnic.ro\/de\/kurze-geschichte-der-siedlung-calnic\/\" \/>\n<meta property=\"og:locale\" content=\"de_DE\" \/>\n<meta property=\"og:type\" content=\"article\" \/>\n<meta property=\"og:title\" content=\"Kurze Geschichte der Siedlung C\u00e2lnic - Cetatea \u0219i Biserica din C\u00e2lnic\" \/>\n<meta property=\"og:description\" content=\"Die Erhaltung, Sanierung und F\u00f6rderung der Evangelischen Kirche von C\u00e2lnic (Kelling) (Kreis Alba\/Karlsburg), Teil des UNESCO-Welterbes\" \/>\n<meta property=\"og:url\" content=\"https:\/\/cetateacalnic.ro\/de\/kurze-geschichte-der-siedlung-calnic\/\" \/>\n<meta property=\"og:site_name\" content=\"Cetatea \u0219i Biserica din C\u00e2lnic\" \/>\n<meta property=\"article:modified_time\" content=\"2024-03-27T19:57:42+00:00\" \/>\n<meta name=\"twitter:card\" content=\"summary_large_image\" \/>\n<meta name=\"twitter:title\" content=\"Der Evangelischen Kirche von C\u00e2lnic (Kelling)\" \/>\n<meta name=\"twitter:description\" content=\"Die Erhaltung, Sanierung und F\u00f6rderung der Evangelischen Kirche von C\u00e2lnic (Kelling) (Kreis Alba\/Karlsburg), Teil des UNESCO-Welterbes\" \/>\n<meta name=\"twitter:label1\" content=\"Gesch\u00e4tzte Lesezeit\" \/>\n\t<meta name=\"twitter:data1\" content=\"23\u00a0Minuten\" \/>\n<script type=\"application\/ld+json\" class=\"yoast-schema-graph\">{\"@context\":\"https:\/\/schema.org\",\"@graph\":[{\"@type\":\"WebPage\",\"@id\":\"https:\/\/cetateacalnic.ro\/de\/kurze-geschichte-der-siedlung-calnic\/\",\"url\":\"https:\/\/cetateacalnic.ro\/de\/kurze-geschichte-der-siedlung-calnic\/\",\"name\":\"Kurze Geschichte der Siedlung C\u00e2lnic - Cetatea \u0219i Biserica din C\u00e2lnic\",\"isPartOf\":{\"@id\":\"https:\/\/cetateacalnic.ro\/#website\"},\"datePublished\":\"2023-12-27T14:11:43+00:00\",\"dateModified\":\"2024-03-27T19:57:42+00:00\",\"description\":\"Die Erhaltung, Sanierung und F\u00f6rderung der Evangelischen Kirche von C\u00e2lnic (Kelling) (Kreis Alba\/Karlsburg), Teil des UNESCO-Welterbes\",\"breadcrumb\":{\"@id\":\"https:\/\/cetateacalnic.ro\/de\/kurze-geschichte-der-siedlung-calnic\/#breadcrumb\"},\"inLanguage\":\"de\",\"potentialAction\":[{\"@type\":\"ReadAction\",\"target\":[\"https:\/\/cetateacalnic.ro\/de\/kurze-geschichte-der-siedlung-calnic\/\"]}]},{\"@type\":\"BreadcrumbList\",\"@id\":\"https:\/\/cetateacalnic.ro\/de\/kurze-geschichte-der-siedlung-calnic\/#breadcrumb\",\"itemListElement\":[{\"@type\":\"ListItem\",\"position\":1,\"name\":\"Prima pagin\u0103\",\"item\":\"https:\/\/cetateacalnic.ro\/de\/startseite\/\"},{\"@type\":\"ListItem\",\"position\":2,\"name\":\"Kurze Geschichte der Siedlung C\u00e2lnic\"}]},{\"@type\":\"WebSite\",\"@id\":\"https:\/\/cetateacalnic.ro\/#website\",\"url\":\"https:\/\/cetateacalnic.ro\/\",\"name\":\"Cetatea \u0219i Biserica din C\u00e2lnic\",\"description\":\"\",\"potentialAction\":[{\"@type\":\"SearchAction\",\"target\":{\"@type\":\"EntryPoint\",\"urlTemplate\":\"https:\/\/cetateacalnic.ro\/?s={search_term_string}\"},\"query-input\":{\"@type\":\"PropertyValueSpecification\",\"valueRequired\":true,\"valueName\":\"search_term_string\"}}],\"inLanguage\":\"de\"}]}<\/script>\n<!-- \/ Yoast SEO plugin. -->","yoast_head_json":{"title":"Kurze Geschichte der Siedlung C\u00e2lnic - Cetatea \u0219i Biserica din C\u00e2lnic","description":"Die Erhaltung, Sanierung und F\u00f6rderung der Evangelischen Kirche von C\u00e2lnic (Kelling) (Kreis Alba\/Karlsburg), Teil des UNESCO-Welterbes","robots":{"index":"index","follow":"follow","max-snippet":"max-snippet:-1","max-image-preview":"max-image-preview:large","max-video-preview":"max-video-preview:-1"},"canonical":"https:\/\/cetateacalnic.ro\/de\/kurze-geschichte-der-siedlung-calnic\/","og_locale":"de_DE","og_type":"article","og_title":"Kurze Geschichte der Siedlung C\u00e2lnic - Cetatea \u0219i Biserica din C\u00e2lnic","og_description":"Die Erhaltung, Sanierung und F\u00f6rderung der Evangelischen Kirche von C\u00e2lnic (Kelling) (Kreis Alba\/Karlsburg), Teil des UNESCO-Welterbes","og_url":"https:\/\/cetateacalnic.ro\/de\/kurze-geschichte-der-siedlung-calnic\/","og_site_name":"Cetatea \u0219i Biserica din C\u00e2lnic","article_modified_time":"2024-03-27T19:57:42+00:00","twitter_card":"summary_large_image","twitter_title":"Der Evangelischen Kirche von C\u00e2lnic (Kelling)","twitter_description":"Die Erhaltung, Sanierung und F\u00f6rderung der Evangelischen Kirche von C\u00e2lnic (Kelling) (Kreis Alba\/Karlsburg), Teil des UNESCO-Welterbes","twitter_misc":{"Gesch\u00e4tzte Lesezeit":"23\u00a0Minuten"},"schema":{"@context":"https:\/\/schema.org","@graph":[{"@type":"WebPage","@id":"https:\/\/cetateacalnic.ro\/de\/kurze-geschichte-der-siedlung-calnic\/","url":"https:\/\/cetateacalnic.ro\/de\/kurze-geschichte-der-siedlung-calnic\/","name":"Kurze Geschichte der Siedlung C\u00e2lnic - Cetatea \u0219i Biserica din C\u00e2lnic","isPartOf":{"@id":"https:\/\/cetateacalnic.ro\/#website"},"datePublished":"2023-12-27T14:11:43+00:00","dateModified":"2024-03-27T19:57:42+00:00","description":"Die Erhaltung, Sanierung und F\u00f6rderung der Evangelischen Kirche von C\u00e2lnic (Kelling) (Kreis Alba\/Karlsburg), Teil des UNESCO-Welterbes","breadcrumb":{"@id":"https:\/\/cetateacalnic.ro\/de\/kurze-geschichte-der-siedlung-calnic\/#breadcrumb"},"inLanguage":"de","potentialAction":[{"@type":"ReadAction","target":["https:\/\/cetateacalnic.ro\/de\/kurze-geschichte-der-siedlung-calnic\/"]}]},{"@type":"BreadcrumbList","@id":"https:\/\/cetateacalnic.ro\/de\/kurze-geschichte-der-siedlung-calnic\/#breadcrumb","itemListElement":[{"@type":"ListItem","position":1,"name":"Prima pagin\u0103","item":"https:\/\/cetateacalnic.ro\/de\/startseite\/"},{"@type":"ListItem","position":2,"name":"Kurze Geschichte der Siedlung C\u00e2lnic"}]},{"@type":"WebSite","@id":"https:\/\/cetateacalnic.ro\/#website","url":"https:\/\/cetateacalnic.ro\/","name":"Cetatea \u0219i Biserica din C\u00e2lnic","description":"","potentialAction":[{"@type":"SearchAction","target":{"@type":"EntryPoint","urlTemplate":"https:\/\/cetateacalnic.ro\/?s={search_term_string}"},"query-input":{"@type":"PropertyValueSpecification","valueRequired":true,"valueName":"search_term_string"}}],"inLanguage":"de"}]}},"_links":{"self":[{"href":"https:\/\/cetateacalnic.ro\/de\/wp-json\/wp\/v2\/pages\/2794","targetHints":{"allow":["GET"]}}],"collection":[{"href":"https:\/\/cetateacalnic.ro\/de\/wp-json\/wp\/v2\/pages"}],"about":[{"href":"https:\/\/cetateacalnic.ro\/de\/wp-json\/wp\/v2\/types\/page"}],"author":[{"embeddable":true,"href":"https:\/\/cetateacalnic.ro\/de\/wp-json\/wp\/v2\/users\/1"}],"replies":[{"embeddable":true,"href":"https:\/\/cetateacalnic.ro\/de\/wp-json\/wp\/v2\/comments?post=2794"}],"version-history":[{"count":5,"href":"https:\/\/cetateacalnic.ro\/de\/wp-json\/wp\/v2\/pages\/2794\/revisions"}],"predecessor-version":[{"id":2799,"href":"https:\/\/cetateacalnic.ro\/de\/wp-json\/wp\/v2\/pages\/2794\/revisions\/2799"}],"wp:attachment":[{"href":"https:\/\/cetateacalnic.ro\/de\/wp-json\/wp\/v2\/media?parent=2794"}],"curies":[{"name":"wp","href":"https:\/\/api.w.org\/{rel}","templated":true}]}}